{"id":2,"date":"2006-06-05T10:19:34","date_gmt":"2006-06-05T10:19:34","guid":{"rendered":""},"modified":"2020-03-09T22:18:24","modified_gmt":"2020-03-10T01:18:24","slug":"sobre","status":"publish","type":"page","link":"https:\/\/www.imagina.com.br\/blog\/?page_id=2","title":{"rendered":"Sobre o Blog"},"content":{"rendered":"<p>Este \u00e9 o Blog da Imagina Produ\u00e7\u00f5es.<br \/>\nAbra\u00e7os e seja bem vindo.<br \/>\nEquipe Imagina.<\/p>\n","protected":false},"excerpt":{"rendered":"<p>Este \u00e9 o Blog da Imagina Produ\u00e7\u00f5es. Abra\u00e7os e seja bem vindo. Equipe Imagina.<\/p>\n","protected":false},"author":1,"featured_media":0,"parent":0,"menu_order":0,"comment_status":"open","ping_status":"open","template":"","meta":{"jetpack_post_was_ever_published":false,"footnotes":""},"class_list":["post-2","page","type-page","status-publish","hentry"],"jetpack_shortlink":"https:\/\/wp.me\/P21GrM-2","jetpack_sharing_enabled":true,"_links":{"self":[{"href":"https:\/\/www.imagina.com.br\/blog\/index.php?rest_route=\/wp\/v2\/pages\/2","targetHints":{"allow":["GET"]}}],"collection":[{"href":"https:\/\/www.imagina.com.br\/blog\/index.php?rest_route=\/wp\/v2\/pages"}],"about":[{"href":"https:\/\/www.imagina.com.br\/blog\/index.php?rest_route=\/wp\/v2\/types\/page"}],"author":[{"embeddable":true,"href":"https:\/\/www.imagina.com.br\/blog\/index.php?rest_route=\/wp\/v2\/users\/1"}],"replies":[{"embeddable":true,"href":"https:\/\/www.imagina.com.br\/blog\/index.php?rest_route=%2Fwp%2Fv2%2Fcomments&post=2"}],"version-history":[{"count":1,"href":"https:\/\/www.imagina.com.br\/blog\/index.php?rest_route=\/wp\/v2\/pages\/2\/revisions"}],"predecessor-version":[{"id":2999,"href":"https:\/\/www.imagina.com.br\/blog\/index.php?rest_route=\/wp\/v2\/pages\/2\/revisions\/2999"}],"wp:attachment":[{"href":"https:\/\/www.imagina.com.br\/blog\/index.php?rest_route=%2Fwp%2Fv2%2Fmedia&parent=2"}],"curies":[{"name":"wp","href":"https:\/\/api.w.org\/{rel}","templated":true}]}}